{"id":743,"date":"2025-04-03T16:14:02","date_gmt":"2025-04-03T16:14:02","guid":{"rendered":"https:\/\/monaco-branding.com\/?page_id=743"},"modified":"2025-04-17T15:32:19","modified_gmt":"2025-04-17T15:32:19","slug":"brand-identity","status":"publish","type":"page","link":"https:\/\/monaco-branding.com\/fr\/brand-identity\/","title":{"rendered":"Identit\u00e9 de Marque"},"content":{"rendered":"<div data-elementor-type=\"wp-page\" data-elementor-id=\"743\" class=\"elementor elementor-743\">\n\t\t\t\t<div class=\"elementor-element elementor-element-935a6f9 e-con-full elementor-hidden-desktop e-flex e-con e-parent\" data-id=\"935a6f9\" data-element_type=\"container\">\n\t\t\t\t<div class=\"elementor-element elementor-element-a3e1697 elementor-widget-tablet__width-inherit elementor-widget elementor-widget-image\" data-id=\"a3e1697\" data-element_type=\"widget\" data-widget_type=\"image.default\">\n\t\t\t\t<div class=\"elementor-widget-container\">\n\t\t\t\t\t\t\t\t\t\t\t\t\t\t\t<img fetchpriority=\"high\" decoding=\"async\" width=\"1527\" height=\"1646\" src=\"https:\/\/monaco-branding.com\/wp-content\/uploads\/2025\/04\/ShoppingMobil5.jpg\" class=\"attachment-full size-full wp-image-1688\" alt=\"\" srcset=\"https:\/\/monaco-branding.com\/wp-content\/uploads\/2025\/04\/ShoppingMobil5.jpg 1527w, https:\/\/monaco-branding.com\/wp-content\/uploads\/2025\/04\/ShoppingMobil5-278x300.jpg 278w, https:\/\/monaco-branding.com\/wp-content\/uploads\/2025\/04\/ShoppingMobil5-950x1024.jpg 950w, https:\/\/monaco-branding.com\/wp-content\/uploads\/2025\/04\/ShoppingMobil5-768x828.jpg 768w, https:\/\/monaco-branding.com\/wp-content\/uploads\/2025\/04\/ShoppingMobil5-1425x1536.jpg 1425w, https:\/\/monaco-branding.com\/wp-content\/uploads\/2025\/04\/ShoppingMobil5-11x12.jpg 11w\" sizes=\"(max-width: 1527px) 100vw, 1527px\" \/>\t\t\t\t\t\t\t\t\t\t\t\t\t\t\t<\/div>\n\t\t\t\t<\/div>\n\t\t\t\t<\/div>\n\t\t<div class=\"elementor-element elementor-element-8b9969a e-con-full elementor-hidden-tablet elementor-hidden-mobile e-flex e-con e-parent\" data-id=\"8b9969a\" data-element_type=\"container\">\n\t\t\t\t<div class=\"elementor-element elementor-element-25e665f elementor-widget elementor-widget-image\" data-id=\"25e665f\" data-element_type=\"widget\" data-widget_type=\"image.default\">\n\t\t\t\t<div class=\"elementor-widget-container\">\n\t\t\t\t\t\t\t\t\t\t\t\t\t\t\t<img decoding=\"async\" width=\"2560\" height=\"1267\" src=\"https:\/\/monaco-branding.com\/wp-content\/uploads\/2025\/04\/Shopping8-scaled.jpg\" class=\"attachment-full size-full wp-image-1668\" alt=\"\" srcset=\"https:\/\/monaco-branding.com\/wp-content\/uploads\/2025\/04\/Shopping8-scaled.jpg 2560w, https:\/\/monaco-branding.com\/wp-content\/uploads\/2025\/04\/Shopping8-300x148.jpg 300w, https:\/\/monaco-branding.com\/wp-content\/uploads\/2025\/04\/Shopping8-1024x507.jpg 1024w, https:\/\/monaco-branding.com\/wp-content\/uploads\/2025\/04\/Shopping8-768x380.jpg 768w, https:\/\/monaco-branding.com\/wp-content\/uploads\/2025\/04\/Shopping8-1536x760.jpg 1536w, https:\/\/monaco-branding.com\/wp-content\/uploads\/2025\/04\/Shopping8-2048x1014.jpg 2048w, https:\/\/monaco-branding.com\/wp-content\/uploads\/2025\/04\/Shopping8-18x9.jpg 18w\" sizes=\"(max-width: 2560px) 100vw, 2560px\" \/>\t\t\t\t\t\t\t\t\t\t\t\t\t\t\t<\/div>\n\t\t\t\t<\/div>\n\t\t\t\t<\/div>\n\t\t<div class=\"elementor-element elementor-element-610e5a2 e-flex e-con-boxed e-con e-parent\" data-id=\"610e5a2\" data-element_type=\"container\">\n\t\t\t\t\t<div class=\"e-con-inner\">\n\t\t\t\t<div class=\"elementor-element elementor-element-4758eae elementor-widget elementor-widget-heading\" data-id=\"4758eae\" data-element_type=\"widget\" data-widget_type=\"heading.default\">\n\t\t\t\t<div class=\"elementor-widget-container\">\n\t\t\t\t\t<h2 class=\"elementor-heading-title elementor-size-default\">Identit\u00e9 de Marque<\/h2>\t\t\t\t<\/div>\n\t\t\t\t<\/div>\n\t\t\t\t\t<\/div>\n\t\t\t\t<\/div>\n\t\t<div class=\"elementor-element elementor-element-15a621b e-flex e-con-boxed e-con e-parent\" data-id=\"15a621b\" data-element_type=\"container\">\n\t\t\t\t\t<div class=\"e-con-inner\">\n\t\t\t\t<div class=\"elementor-element elementor-element-e49377e elementor-widget elementor-widget-text-editor\" data-id=\"e49377e\" data-element_type=\"widget\" data-widget_type=\"text-editor.default\">\n\t\t\t\t<div class=\"elementor-widget-container\">\n\t\t\t\t\t\t\t\t\t<p class=\"\" data-start=\"273\" data-end=\"417\">L\u2019identit\u00e9 de votre marque ne se r\u00e9sume pas \u00e0 un logo \u2014 c\u2019est l\u2019ensemble du syst\u00e8me visuel qui rend votre entreprise reconnaissable, digne de confiance et intemporelle.<\/p><p class=\"translation-block\" data-start=\"419\" data-end=\"684\">Chez Monaco Branding, nous concevons des <strong>identit\u00e9s de marque \u00e9l\u00e9gantes et coh\u00e9rentes<\/strong> qui refl\u00e8tent votre essence et transmettent vos valeurs \u00e0 chaque point de contact.\nQue vous lanciez un nouveau projet ou que vous souhaitiez sublimer votre image actuelle, nous vous aidons \u00e0 para\u00eetre aussi raffin\u00e9\u00b7e que vous l\u2019\u00eates r\u00e9ellement.<\/p>\t\t\t\t\t\t\t\t<\/div>\n\t\t\t\t<\/div>\n\t\t\t\t<div class=\"elementor-element elementor-element-245322f elementor-align-left elementor-mobile-align-center elementor-widget elementor-widget-button\" data-id=\"245322f\" data-element_type=\"widget\" data-widget_type=\"button.default\">\n\t\t\t\t<div class=\"elementor-widget-container\">\n\t\t\t\t\t\t\t\t\t<div class=\"elementor-button-wrapper\">\n\t\t\t\t\t<a class=\"elementor-button elementor-button-link elementor-size-sm\" href=\"https:\/\/monaco-branding.com\/fr\/get-your-custom-quote-from-monaco-branding\/\">\n\t\t\t\t\t\t<span class=\"elementor-button-content-wrapper\">\n\t\t\t\t\t\t\t\t\t<span class=\"elementor-button-text\">Demandez votre devis personnalis\u00e9<\/span>\n\t\t\t\t\t<\/span>\n\t\t\t\t\t<\/a>\n\t\t\t\t<\/div>\n\t\t\t\t\t\t\t\t<\/div>\n\t\t\t\t<\/div>\n\t\t\t\t\t<\/div>\n\t\t\t\t<\/div>\n\t\t<div class=\"elementor-element elementor-element-33c38a01 e-flex e-con-boxed e-con e-parent\" data-id=\"33c38a01\" data-element_type=\"container\" data-settings=\"{&quot;background_background&quot;:&quot;classic&quot;}\">\n\t\t\t\t\t<div class=\"e-con-inner\">\n\t\t<div class=\"elementor-element elementor-element-2b27d0d0 e-flex e-con-boxed e-con e-child\" data-id=\"2b27d0d0\" data-element_type=\"container\">\n\t\t\t\t\t<div class=\"e-con-inner\">\n\t\t\t\t<div class=\"elementor-element elementor-element-34b1a045 elementor-widget elementor-widget-heading\" data-id=\"34b1a045\" data-element_type=\"widget\" data-widget_type=\"heading.default\">\n\t\t\t\t<div class=\"elementor-widget-container\">\n\t\t\t\t\t<h1 class=\"elementor-heading-title elementor-size-default\">Qu\u2019est-ce que l\u2019identit\u00e9 de marque ?<\/h1>\t\t\t\t<\/div>\n\t\t\t\t<\/div>\n\t\t\t\t\t<\/div>\n\t\t\t\t<\/div>\n\t\t\t\t<div class=\"elementor-element elementor-element-7d3d667 elementor-widget elementor-widget-text-editor\" data-id=\"7d3d667\" data-element_type=\"widget\" data-widget_type=\"text-editor.default\">\n\t\t\t\t<div class=\"elementor-widget-container\">\n\t\t\t\t\t\t\t\t\t<p class=\"translation-block\" data-start=\"685\" data-end=\"898\">L\u2019identit\u00e9 de marque est l\u2019expression visuelle de la personnalit\u00e9 de votre marque.\nC\u2019est la fa\u00e7on dont elle se pr\u00e9sente, se ressent et est per\u00e7ue \u2014 du logo \u00e0 la palette de couleurs, en passant par la typographie et les choix de mise en page.\nUne identit\u00e9 forte inspire la confiance, marque les esprits et cr\u00e9e une connexion \u00e9motionnelle.<\/p>\t\t\t\t\t\t\t\t<\/div>\n\t\t\t\t<\/div>\n\t\t\t\t\t<\/div>\n\t\t\t\t<\/div>\n\t\t<div class=\"elementor-element elementor-element-4f5d6f3 e-flex e-con-boxed e-con e-parent\" data-id=\"4f5d6f3\" data-element_type=\"container\">\n\t\t\t\t\t<div class=\"e-con-inner\">\n\t\t\t\t<div class=\"elementor-element elementor-element-6a694eff elementor-widget__width-inherit elementor-widget elementor-widget-heading\" data-id=\"6a694eff\" data-element_type=\"widget\" data-settings=\"{&quot;_animation&quot;:&quot;none&quot;,&quot;_animation_delay&quot;:&quot;800&quot;}\" data-widget_type=\"heading.default\">\n\t\t\t\t<div class=\"elementor-widget-container\">\n\t\t\t\t\t<h2 class=\"elementor-heading-title elementor-size-default\">Ce que nous livrons<\/h2>\t\t\t\t<\/div>\n\t\t\t\t<\/div>\n\t\t\t\t\t<\/div>\n\t\t\t\t<\/div>\n\t\t<div class=\"elementor-element elementor-element-3b446a2 e-flex e-con-boxed e-con e-parent\" data-id=\"3b446a2\" data-element_type=\"container\">\n\t\t\t\t\t<div class=\"e-con-inner\">\n\t\t<div class=\"elementor-element elementor-element-a69da1b e-con-full e-flex e-con e-child\" data-id=\"a69da1b\" data-element_type=\"container\" data-settings=\"{&quot;background_background&quot;:&quot;classic&quot;}\">\n\t\t\t\t<div class=\"elementor-element elementor-element-624b53c elementor-widget elementor-widget-heading\" data-id=\"624b53c\" data-element_type=\"widget\" data-widget_type=\"heading.default\">\n\t\t\t\t<div class=\"elementor-widget-container\">\n\t\t\t\t\t<h2 class=\"elementor-heading-title elementor-size-default\">Cr\u00e9ation de logo<\/h2>\t\t\t\t<\/div>\n\t\t\t\t<\/div>\n\t\t\t\t<div class=\"elementor-element elementor-element-abbcc81 elementor-widget elementor-widget-text-editor\" data-id=\"abbcc81\" data-element_type=\"widget\" data-widget_type=\"text-editor.default\">\n\t\t\t\t<div class=\"elementor-widget-container\">\n\t\t\t\t\t\t\t\t\t<p>Nous cr\u00e9ons un logo distinctif et polyvalent qui capture l\u2019esprit de votre marque \u2014 con\u00e7u pour s\u2019adapter parfaitement aux supports imprim\u00e9s, num\u00e9riques et sociaux.<\/p>\t\t\t\t\t\t\t\t<\/div>\n\t\t\t\t<\/div>\n\t\t\t\t<\/div>\n\t\t<div class=\"elementor-element elementor-element-67e21df e-con-full e-flex e-con e-child\" data-id=\"67e21df\" data-element_type=\"container\">\n\t\t\t\t<div class=\"elementor-element elementor-element-d4d3ce1 elementor-widget elementor-widget-heading\" data-id=\"d4d3ce1\" data-element_type=\"widget\" data-widget_type=\"heading.default\">\n\t\t\t\t<div class=\"elementor-widget-container\">\n\t\t\t\t\t<h2 class=\"elementor-heading-title elementor-size-default\">Palette de couleurs<\/h2>\t\t\t\t<\/div>\n\t\t\t\t<\/div>\n\t\t\t\t<div class=\"elementor-element elementor-element-08b8688 elementor-widget elementor-widget-text-editor\" data-id=\"08b8688\" data-element_type=\"widget\" data-widget_type=\"text-editor.default\">\n\t\t\t\t<div class=\"elementor-widget-container\">\n\t\t\t\t\t\t\t\t\t<p class=\"\" data-start=\"1234\" data-end=\"1350\">Nous s\u00e9lectionnons des combinaisons de couleurs raffin\u00e9es et intemporelles qui enrichissent votre langage visuel et soutiennent la personnalit\u00e9 de votre marque.<\/p><h4 class=\"\" data-start=\"1352\" data-end=\"1376\">\u00a0<\/h4>\t\t\t\t\t\t\t\t<\/div>\n\t\t\t\t<\/div>\n\t\t\t\t<\/div>\n\t\t\t\t\t<\/div>\n\t\t\t\t<\/div>\n\t\t<div class=\"elementor-element elementor-element-6fd422a e-flex e-con-boxed e-con e-parent\" data-id=\"6fd422a\" data-element_type=\"container\">\n\t\t\t\t\t<div class=\"e-con-inner\">\n\t\t<div class=\"elementor-element elementor-element-83bf41b e-con-full e-flex e-con e-child\" data-id=\"83bf41b\" data-element_type=\"container\" data-settings=\"{&quot;background_background&quot;:&quot;classic&quot;}\">\n\t\t\t\t<div class=\"elementor-element elementor-element-a688903 elementor-widget elementor-widget-heading\" data-id=\"a688903\" data-element_type=\"widget\" data-widget_type=\"heading.default\">\n\t\t\t\t<div class=\"elementor-widget-container\">\n\t\t\t\t\t<h2 class=\"elementor-heading-title elementor-size-default\">Typographie<\/h2>\t\t\t\t<\/div>\n\t\t\t\t<\/div>\n\t\t\t\t<div class=\"elementor-element elementor-element-9102299 elementor-widget elementor-widget-text-editor\" data-id=\"9102299\" data-element_type=\"widget\" data-widget_type=\"text-editor.default\">\n\t\t\t\t<div class=\"elementor-widget-container\">\n\t\t\t\t\t\t\t\t\t<p>Nous s\u00e9lectionnons des polices qui s\u2019alignent avec le ton de votre marque \u2014 classiques, modernes, \u00e9l\u00e9gantes ou audacieuses \u2014 afin d\u2019assurer coh\u00e9rence et clart\u00e9.<\/p>\t\t\t\t\t\t\t\t<\/div>\n\t\t\t\t<\/div>\n\t\t\t\t<\/div>\n\t\t<div class=\"elementor-element elementor-element-ed4eb3b e-con-full e-flex e-con e-child\" data-id=\"ed4eb3b\" data-element_type=\"container\" data-settings=\"{&quot;background_background&quot;:&quot;classic&quot;}\">\n\t\t\t\t<div class=\"elementor-element elementor-element-8736cf1 elementor-widget elementor-widget-heading\" data-id=\"8736cf1\" data-element_type=\"widget\" data-widget_type=\"heading.default\">\n\t\t\t\t<div class=\"elementor-widget-container\">\n\t\t\t\t\t<h2 class=\"elementor-heading-title elementor-size-default\">Langage visuel<\/h2>\t\t\t\t<\/div>\n\t\t\t\t<\/div>\n\t\t\t\t<div class=\"elementor-element elementor-element-0791fd1 elementor-widget elementor-widget-text-editor\" data-id=\"0791fd1\" data-element_type=\"widget\" data-widget_type=\"text-editor.default\">\n\t\t\t\t<div class=\"elementor-widget-container\">\n\t\t\t\t\t\t\t\t\t<p>Nous d\u00e9finissons le style des images, des mises en page, des \u00e9l\u00e9ments graphiques et des ic\u00f4nes qui donnent \u00e0 votre marque son apparence et son ressenti uniques.<\/p>\t\t\t\t\t\t\t\t<\/div>\n\t\t\t\t<\/div>\n\t\t\t\t<\/div>\n\t\t<div class=\"elementor-element elementor-element-a91320c e-con-full e-flex e-con e-child\" data-id=\"a91320c\" data-element_type=\"container\" data-settings=\"{&quot;background_background&quot;:&quot;classic&quot;}\">\n\t\t\t\t<div class=\"elementor-element elementor-element-0daa41d elementor-widget elementor-widget-heading\" data-id=\"0daa41d\" data-element_type=\"widget\" data-widget_type=\"heading.default\">\n\t\t\t\t<div class=\"elementor-widget-container\">\n\t\t\t\t\t<h2 class=\"elementor-heading-title elementor-size-default\">Guide de marque <\/h2>\t\t\t\t<\/div>\n\t\t\t\t<\/div>\n\t\t\t\t<div class=\"elementor-element elementor-element-71a9bba elementor-widget elementor-widget-text-editor\" data-id=\"71a9bba\" data-element_type=\"widget\" data-widget_type=\"text-editor.default\">\n\t\t\t\t<div class=\"elementor-widget-container\">\n\t\t\t\t\t\t\t\t\t<p>Vous recevrez un guide de marque soigneusement con\u00e7u, qui documente vos \u00e9l\u00e9ments visuels essentiels ainsi que leurs r\u00e8gles d\u2019utilisation \u2014 pour garantir une coh\u00e9rence absolue, o\u00f9 que votre marque apparaisse.<\/p>\t\t\t\t\t\t\t\t<\/div>\n\t\t\t\t<\/div>\n\t\t\t\t<\/div>\n\t\t\t\t\t<\/div>\n\t\t\t\t<\/div>\n\t\t<div class=\"elementor-element elementor-element-4cb6591 e-flex e-con-boxed e-con e-parent\" data-id=\"4cb6591\" data-element_type=\"container\">\n\t\t\t\t\t<div class=\"e-con-inner\">\n\t\t\t\t<div class=\"elementor-element elementor-element-2a795c3 elementor-view-default elementor-invisible elementor-widget elementor-widget-icon\" data-id=\"2a795c3\" data-element_type=\"widget\" data-settings=\"{&quot;_animation&quot;:&quot;zoomIn&quot;}\" data-widget_type=\"icon.default\">\n\t\t\t\t<div class=\"elementor-widget-container\">\n\t\t\t\t\t\t\t<div class=\"elementor-icon-wrapper\">\n\t\t\t<div class=\"elementor-icon\">\n\t\t\t<svg aria-hidden=\"true\" class=\"e-font-icon-svg e-fas-crown\" viewbox=\"0 0 640 512\" xmlns=\"http:\/\/www.w3.org\/2000\/svg\"><path d=\"M528 448H112c-8.8 0-16 7.2-16 16v32c0 8.8 7.2 16 16 16h416c8.8 0 16-7.2 16-16v-32c0-8.8-7.2-16-16-16zm64-320c-26.5 0-48 21.5-48 48 0 7.1 1.6 13.7 4.4 19.8L476 239.2c-15.4 9.2-35.3 4-44.2-11.6L350.3 85C361 76.2 368 63 368 48c0-26.5-21.5-48-48-48s-48 21.5-48 48c0 15 7 28.2 17.7 37l-81.5 142.6c-8.9 15.6-28.9 20.8-44.2 11.6l-72.3-43.4c2.7-6 4.4-12.7 4.4-19.8 0-26.5-21.5-48-48-48S0 149.5 0 176s21.5 48 48 48c2.6 0 5.2-.4 7.7-.8L128 416h384l72.3-192.8c2.5.4 5.1.8 7.7.8 26.5 0 48-21.5 48-48s-21.5-48-48-48z\"><\/path><\/svg>\t\t\t<\/div>\n\t\t<\/div>\n\t\t\t\t\t\t<\/div>\n\t\t\t\t<\/div>\n\t\t\t\t\t<\/div>\n\t\t\t\t<\/div>\n\t\t<div class=\"elementor-element elementor-element-35c3ab3 e-flex e-con-boxed e-con e-parent\" data-id=\"35c3ab3\" data-element_type=\"container\" data-settings=\"{&quot;background_background&quot;:&quot;classic&quot;}\">\n\t\t\t\t\t<div class=\"e-con-inner\">\n\t\t<div class=\"elementor-element elementor-element-cdd4bdd e-flex e-con-boxed e-con e-child\" data-id=\"cdd4bdd\" data-element_type=\"container\">\n\t\t\t\t\t<div class=\"e-con-inner\">\n\t\t<div class=\"elementor-element elementor-element-112215d e-con-full e-flex e-con e-child\" data-id=\"112215d\" data-element_type=\"container\">\n\t\t<div class=\"elementor-element elementor-element-5844790 e-con-full e-flex e-con e-child\" data-id=\"5844790\" data-element_type=\"container\" data-settings=\"{&quot;background_background&quot;:&quot;classic&quot;}\">\n\t\t\t\t<div class=\"elementor-element elementor-element-1a8398a elementor-widget elementor-widget-heading\" data-id=\"1a8398a\" data-element_type=\"widget\" data-widget_type=\"heading.default\">\n\t\t\t\t<div class=\"elementor-widget-container\">\n\t\t\t\t\t<h2 class=\"elementor-heading-title elementor-size-default\">Nous Serions Ravis d\u2019\u00e9changer Avec Vous<\/h2>\t\t\t\t<\/div>\n\t\t\t\t<\/div>\n\t\t\t\t<div class=\"elementor-element elementor-element-eadc2e2 elementor-view-default elementor-position-top elementor-mobile-position-top elementor-widget elementor-widget-icon-box\" data-id=\"eadc2e2\" data-element_type=\"widget\" data-widget_type=\"icon-box.default\">\n\t\t\t\t<div class=\"elementor-widget-container\">\n\t\t\t\t\t\t\t<div class=\"elementor-icon-box-wrapper\">\n\n\t\t\t\t\t\t<div class=\"elementor-icon-box-icon\">\n\t\t\t\t<a href=\"https:\/\/www.facebook.com\/profile.php?id=61575233464502\" class=\"elementor-icon\" tabindex=\"-1\">\n\t\t\t\t<svg aria-hidden=\"true\" class=\"e-font-icon-svg e-fab-facebook\" viewbox=\"0 0 512 512\" xmlns=\"http:\/\/www.w3.org\/2000\/svg\"><path d=\"M504 256C504 119 393 8 256 8S8 119 8 256c0 123.78 90.69 226.38 209.25 245V327.69h-63V256h63v-54.64c0-62.15 37-96.48 93.67-96.48 27.14 0 55.52 4.84 55.52 4.84v61h-31.28c-30.8 0-40.41 19.12-40.41 38.73V256h68.78l-11 71.69h-57.78V501C413.31 482.38 504 379.78 504 256z\"><\/path><\/svg>\t\t\t\t<\/a>\n\t\t\t<\/div>\n\t\t\t\n\t\t\t\n\t\t<\/div>\n\t\t\t\t\t\t<\/div>\n\t\t\t\t<\/div>\n\t\t\t\t<\/div>\n\t\t\t\t<\/div>\n\t\t\t\t<div class=\"elementor-element elementor-element-04edae8 elementor-widget__width-initial elementor-widget-mobile__width-initial elementor-widget elementor-widget-wpforms\" data-id=\"04edae8\" data-element_type=\"widget\" data-widget_type=\"wpforms.default\">\n\t\t\t\t<div class=\"elementor-widget-container\">\n\t\t\t\t\t<style id=\"wpforms-css-vars-elementor-widget-04edae8\">\n\t\t\t\t.elementor-widget-wpforms.elementor-element-04edae8 {\n\t\t\t\t--wpforms-button-background-color: #A3936C;\n--wpforms-field-size-input-height: 43px;\n--wpforms-field-size-input-spacing: 15px;\n--wpforms-field-size-font-size: 16px;\n--wpforms-field-size-line-height: 19px;\n--wpforms-field-size-padding-h: 14px;\n--wpforms-field-size-checkbox-size: 16px;\n--wpforms-field-size-sublabel-spacing: 5px;\n--wpforms-field-size-icon-size: 1;\n--wpforms-label-size-font-size: 16px;\n--wpforms-label-size-line-height: 19px;\n--wpforms-label-size-sublabel-font-size: 14px;\n--wpforms-label-size-sublabel-line-height: 17px;\n--wpforms-button-size-font-size: 14px;\n--wpforms-button-size-height: 37px;\n--wpforms-button-size-padding-h: 15px;\n--wpforms-button-size-margin-top: 5px;\n\n\t\t\t}\n\t\t\t<\/style><div class=\"wpforms-container wpforms-container-full wpforms-render-modern\" id=\"wpforms-484\"><form id=\"wpforms-form-484\" class=\"wpforms-validate wpforms-form wpforms-ajax-form\" data-formid=\"484\" method=\"post\" enctype=\"multipart\/form-data\" action=\"\/fr\/wp-json\/wp\/v2\/pages\/743\" data-token=\"211a5408b9719daf599f50c2b0dd7ea9\" data-token-time=\"1775418789\" data-trp-original-action=\"\/fr\/wp-json\/wp\/v2\/pages\/743\"><noscript class=\"wpforms-error-noscript\">Veuillez activer JavaScript dans votre navigateur pour remplir ce formulaire.<\/noscript><div class=\"wpforms-hidden\" id=\"wpforms-error-noscript\">Veuillez activer JavaScript dans votre navigateur pour remplir ce formulaire.<\/div><div class=\"wpforms-field-container\"><div id=\"wpforms-484-field_1-container\" class=\"wpforms-field wpforms-field-name\" data-field-id=\"1\"><label class=\"wpforms-field-label\" for=\"wpforms-484-field_1\">Nom <span class=\"wpforms-required-label\" aria-hidden=\"true\">*<\/span><\/label><input type=\"text\" id=\"wpforms-484-field_1\" class=\"wpforms-field-medium wpforms-field-required\" name=\"wpforms[fields][1]\" aria-errormessage=\"wpforms-484-field_1-error\" required><\/div><div id=\"wpforms-484-field_2-container\" class=\"wpforms-field wpforms-field-email\" data-field-id=\"2\"><label class=\"wpforms-field-label\" for=\"wpforms-484-field_2\">Email <span class=\"wpforms-required-label\" aria-hidden=\"true\">*<\/span><\/label><input type=\"email\" id=\"wpforms-484-field_2\" class=\"wpforms-field-medium wpforms-field-required\" name=\"wpforms[fields][2]\" spellcheck=\"false\" aria-errormessage=\"wpforms-484-field_2-error\" required><\/div><div id=\"wpforms-484-field_3-container\" class=\"wpforms-field wpforms-field-textarea\" data-field-id=\"3\"><label class=\"wpforms-field-label\" for=\"wpforms-484-field_3\">Votre Message<\/label><textarea id=\"wpforms-484-field_3\" class=\"wpforms-field-medium\" name=\"wpforms[fields][3]\" aria-errormessage=\"wpforms-484-field_3-error\" ><\/textarea><\/div><div id=\"wpforms-484-field_4-container\" class=\"wpforms-field wpforms-field-checkbox\" data-field-id=\"4\"><fieldset><legend class=\"wpforms-field-label\">I agree to the processing of the data, in accordance with the Website Privacy Policy.<\/legend><ul id=\"wpforms-484-field_4\"><li class=\"choice-1 depth-1\"><input type=\"checkbox\" id=\"wpforms-484-field_4_1\" name=\"wpforms[fields][4][]\" value=\"Agree\" aria-errormessage=\"wpforms-484-field_4_1-error\"  ><label class=\"wpforms-field-label-inline\" for=\"wpforms-484-field_4_1\">J\u2019accepte<\/label><\/li><\/ul><\/fieldset><\/div><\/div><!-- .wpforms-field-container --><div class=\"wpforms-submit-container\" ><input type=\"hidden\" name=\"wpforms[id]\" value=\"484\"><input type=\"hidden\" name=\"page_title\" value=\"\"><input type=\"hidden\" name=\"page_url\" value=\"https:\/\/monaco-branding.com\/fr\/wp-json\/wp\/v2\/pages\/743\"><input type=\"hidden\" name=\"url_referer\" value=\"\"><button type=\"submit\" name=\"wpforms[submit]\" id=\"wpforms-submit-484\" class=\"wpforms-submit\" data-alt-text=\"Sending...\" data-submit-text=\"Submit\" aria-live=\"assertive\" value=\"wpforms-submit\">Envoyer<\/button><img decoding=\"async\" src=\"https:\/\/monaco-branding.com\/wp-content\/plugins\/wpforms-lite\/assets\/images\/submit-spin.svg\" class=\"wpforms-submit-spinner\" style=\"display: none;\" width=\"26\" height=\"26\" alt=\"Chargement en cours\"><\/div><input type=\"hidden\" name=\"trp-form-language\" value=\"fr\"\/><\/form><\/div>  <!-- .wpforms-container -->\t\t\t\t<\/div>\n\t\t\t\t<\/div>\n\t\t\t\t\t<\/div>\n\t\t\t\t<\/div>\n\t\t\t\t\t<\/div>\n\t\t\t\t<\/div>\n\t\t\t\t<\/div>","protected":false},"excerpt":{"rendered":"<p>Brand Identity Your brand\u2019s identity is more than just a logo \u2014 it\u2019s the entire visual system that makes your business recognizable, trustworthy, and timeless. At Monaco Branding, we design elegant, cohesive brand identities that reflect your essence and communicate your values across every touchpoint. Whether you\u2019re launching something new or elevating your current image,<\/p>","protected":false},"author":1,"featured_media":0,"parent":0,"menu_order":0,"comment_status":"closed","ping_status":"closed","template":"elementor_header_footer","meta":{"solace_meta_sidebar":"","solace_meta_container":"","solace_meta_enable_content_width":"","solace_meta_content_width":0,"solace_meta_title_alignment":"","solace_meta_author_avatar":"","solace_post_elements_order":"","solace_meta_disable_header":"","solace_meta_disable_footer":"","solace_meta_disable_title":"","footnotes":""},"class_list":["post-743","page","type-page","status-publish","hentry"],"aioseo_notices":[],"_links":{"self":[{"href":"https:\/\/monaco-branding.com\/fr\/wp-json\/wp\/v2\/pages\/743","targetHints":{"allow":["GET"]}}],"collection":[{"href":"https:\/\/monaco-branding.com\/fr\/wp-json\/wp\/v2\/pages"}],"about":[{"href":"https:\/\/monaco-branding.com\/fr\/wp-json\/wp\/v2\/types\/page"}],"author":[{"embeddable":true,"href":"https:\/\/monaco-branding.com\/fr\/wp-json\/wp\/v2\/users\/1"}],"replies":[{"embeddable":true,"href":"https:\/\/monaco-branding.com\/fr\/wp-json\/wp\/v2\/comments?post=743"}],"version-history":[{"count":190,"href":"https:\/\/monaco-branding.com\/fr\/wp-json\/wp\/v2\/pages\/743\/revisions"}],"predecessor-version":[{"id":1827,"href":"https:\/\/monaco-branding.com\/fr\/wp-json\/wp\/v2\/pages\/743\/revisions\/1827"}],"wp:attachment":[{"href":"https:\/\/monaco-branding.com\/fr\/wp-json\/wp\/v2\/media?parent=743"}],"curies":[{"name":"wp","href":"https:\/\/api.w.org\/{rel}","templated":true}]}}